{"id":424,"date":"2019-07-10T10:59:30","date_gmt":"2019-07-10T10:59:30","guid":{"rendered":"https:\/\/degiorgio.socialmedia-coaching.ch\/?page_id=424"},"modified":"2025-06-12T07:04:06","modified_gmt":"2025-06-12T07:04:06","slug":"impressum","status":"publish","type":"page","link":"https:\/\/degiorgio.ch\/en\/impressum\/","title":{"rendered":"Imprint"},"content":{"rendered":"<div data-elementor-type=\"wp-page\" data-elementor-id=\"424\" class=\"elementor elementor-424\" data-elementor-post-type=\"page\">\n\t\t\t\t\t\t<section class=\"elementor-section elementor-top-section elementor-element elementor-element-4cb4ee0 elementor-section-boxed elementor-section-height-default elementor-section-height-default\" data-id=\"4cb4ee0\" data-element_type=\"section\">\n\t\t\t\t\t\t<div class=\"elementor-container elementor-column-gap-default\">\n\t\t\t\t\t<div class=\"elementor-column elementor-col-100 elementor-top-column elementor-element elementor-element-a2d2e60\" data-id=\"a2d2e60\" data-element_type=\"column\">\n\t\t\t<div class=\"elementor-widget-wrap elementor-element-populated\">\n\t\t\t\t\t\t<div class=\"elementor-element elementor-element-c2c44c3 elementor-widget elementor-widget-heading\" data-id=\"c2c44c3\" data-element_type=\"widget\" data-widget_type=\"heading.default\">\n\t\t\t\t<div class=\"elementor-widget-container\">\n\t\t\t\t\t<h2 class=\"elementor-heading-title elementor-size-default\">Imprint<\/h2>\t\t\t\t<\/div>\n\t\t\t\t<\/div>\n\t\t\t\t\t<\/div>\n\t\t<\/div>\n\t\t\t\t\t<\/div>\n\t\t<\/section>\n\t\t\t\t<section class=\"elementor-section elementor-top-section elementor-element elementor-element-7d217a6d elementor-section-boxed elementor-section-height-default elementor-section-height-default\" data-id=\"7d217a6d\" data-element_type=\"section\">\n\t\t\t\t\t\t<div class=\"elementor-container elementor-column-gap-default\">\n\t\t\t\t\t<div class=\"elementor-column elementor-col-100 elementor-top-column elementor-element elementor-element-6954d135\" data-id=\"6954d135\" data-element_type=\"column\">\n\t\t\t<div class=\"elementor-widget-wrap elementor-element-populated\">\n\t\t\t\t\t\t<div class=\"elementor-element elementor-element-1d3c4eb5 elementor-widget elementor-widget-text-editor\" data-id=\"1d3c4eb5\" data-element_type=\"widget\" data-widget_type=\"text-editor.default\">\n\t\t\t\t<div class=\"elementor-widget-container\">\n\t\t\t\t\t\t\t\t\t<h6>&nbsp;<\/h6>\n<h6>Owner of the information<\/h6>\n<p><\/p>\n<p>Officina De Giorgio AG<br>Grossmatte 18<br>CH-6014 Luzern<\/p>\n<p><\/p>\n<p>Contact<br>Tel.: +41 (041) 422 02 90<br>Email: <a href=\"mailto:mail@degiorgio.ch\">mail@degiorgio.ch<\/a><\/p>\n<p><\/p>\n<p>Homepage: <a href=\"https:\/\/degiorgio.ch\/en\/\">www.degiorgio.ch<\/a><\/p>\n<p><\/p>\n<p>MwSt. CHE-114.050.499<br>Registered at the Commercial Register of the Canton of Lucerne<\/p>\n<h6><span style=\"font-size: 14px; color: rgb(96, 96, 96);\">Liability<\/span><\/h6>\n<p>S\u00e4mtliche Inhalte wurden sorgf\u00e4ltig gepr\u00fcft. Dessen ungeachtet kann keine Garantie f\u00fcr Richtigkeit,&nbsp;Vollst\u00e4ndigkeit oder Aktualit\u00e4t der Angaben \u00fcbernommen werden.<\/p>\n<h6><\/h6>\n<p>Copyright<\/p>\n<p>S\u00e4mtliche Texte, Grafiken und Bilder sind urheberrechtlich gesch\u00fctzt; eine Verwendung ist nur mit schriftlicher&nbsp;Zustimmung der Officina De Giorgio AG zul\u00e4ssig.<\/p>\n<p><\/p>\n<p>De Giorgio\u00ae is a registered trademark.<\/p>\n<p><\/p>\t\t\t\t\t\t\t\t<\/div>\n\t\t\t\t<\/div>\n\t\t\t\t\t<\/div>\n\t\t<\/div>\n\t\t\t\t\t<\/div>\n\t\t<\/section>\n\t\t\t\t<\/div>","protected":false},"excerpt":{"rendered":"<p>Impressum &nbsp; Informationseigent\u00fcmer Officina De Giorgio AGGrossmatte 18CH-6014 Luzern KontaktTel.: +41 (041) 422 02 90Email: mail@degiorgio.ch Homepage: www.degiorgio.ch MwSt. CHE-114.050.499Eingetragen [&hellip;]<\/p>","protected":false},"author":1,"featured_media":0,"parent":0,"menu_order":0,"comment_status":"closed","ping_status":"closed","template":"","meta":{"footnotes":""},"class_list":["post-424","page","type-page","status-publish","hentry"],"_links":{"self":[{"href":"https:\/\/degiorgio.ch\/en\/wp-json\/wp\/v2\/pages\/424","targetHints":{"allow":["GET"]}}],"collection":[{"href":"https:\/\/degiorgio.ch\/en\/wp-json\/wp\/v2\/pages"}],"about":[{"href":"https:\/\/degiorgio.ch\/en\/wp-json\/wp\/v2\/types\/page"}],"author":[{"embeddable":true,"href":"https:\/\/degiorgio.ch\/en\/wp-json\/wp\/v2\/users\/1"}],"replies":[{"embeddable":true,"href":"https:\/\/degiorgio.ch\/en\/wp-json\/wp\/v2\/comments?post=424"}],"version-history":[{"count":12,"href":"https:\/\/degiorgio.ch\/en\/wp-json\/wp\/v2\/pages\/424\/revisions"}],"predecessor-version":[{"id":1370,"href":"https:\/\/degiorgio.ch\/en\/wp-json\/wp\/v2\/pages\/424\/revisions\/1370"}],"wp:attachment":[{"href":"https:\/\/degiorgio.ch\/en\/wp-json\/wp\/v2\/media?parent=424"}],"curies":[{"name":"wp","href":"https:\/\/api.w.org\/{rel}","templated":true}]}}